{"id":166,"date":"2025-02-06T16:35:39","date_gmt":"2025-02-06T15:35:39","guid":{"rendered":"https:\/\/villacite.com\/?page_id=166"},"modified":"2025-02-26T15:21:21","modified_gmt":"2025-02-26T14:21:21","slug":"un-partenaire-privilegie","status":"publish","type":"page","link":"https:\/\/villacite.com\/index.php\/un-partenaire-privilegie\/","title":{"rendered":"UN PARTENAIRE PRIVIL\u00c9GI\u00c9"},"content":{"rendered":"<style>.kb-row-layout-id166_8a7c44-2b > .kt-row-column-wrap{align-content:start;}:where(.kb-row-layout-id166_8a7c44-2b > .kt-row-column-wrap) > .wp-block-kadence-column{justify-content:start;}.kb-row-layout-id166_8a7c44-2b > .kt-row-column-wrap{column-gap:var(--global-kb-gap-md, 2rem);row-gap:var(--global-kb-gap-md, 2rem);padding-top:var(--global-kb-spacing-5xl, 10rem);padding-bottom:var(--global-kb-spacing-md, 2rem);grid-template-columns:minmax(0, 1fr);}.kb-row-layout-id166_8a7c44-2b{background-color:#f7f5f9;background-image:url('https:\/\/villacite.com\/wp-content\/uploads\/2025\/02\/Logo-Arriere-plan.png');background-size:cover;background-position:center center;background-attachment:scroll;background-repeat:no-repeat;}.kb-row-layout-id166_8a7c44-2b > .kt-row-layout-overlay{opacity:0.30;}@media all and (max-width: 1024px){.kb-row-layout-id166_8a7c44-2b > .kt-row-column-wrap{grid-template-columns:minmax(0, 1fr);}}@media all and (max-width: 767px){.kb-row-layout-id166_8a7c44-2b > .kt-row-column-wrap{grid-template-columns:minmax(0, 1fr);}}<\/style><div class=\"kb-row-layout-wrap kb-row-layout-id166_8a7c44-2b alignfull kt-row-has-bg wp-block-kadence-rowlayout\"><div class=\"kt-row-column-wrap kt-has-1-columns kt-row-layout-equal kt-tab-layout-inherit kt-mobile-layout-row kt-row-valign-top\">\n<style>.kadence-column166_d6e99f-a3 > .kt-inside-inner-col,.kadence-column166_d6e99f-a3 > .kt-inside-inner-col:before{border-top-left-radius:0px;border-top-right-radius:0px;border-bottom-right-radius:0px;border-bottom-left-radius:0px;}.kadence-column166_d6e99f-a3 > .kt-inside-inner-col{column-gap:var(--global-kb-gap-sm, 1rem);}.kadence-column166_d6e99f-a3 > .kt-inside-inner-col{flex-direction:column;}.kadence-column166_d6e99f-a3 > .kt-inside-inner-col > .aligncenter{width:100%;}.kadence-column166_d6e99f-a3 > .kt-inside-inner-col:before{opacity:0.3;}.kadence-column166_d6e99f-a3{position:relative;}@media all and (max-width: 1024px){.kadence-column166_d6e99f-a3 > .kt-inside-inner-col{flex-direction:column;}}@media all and (max-width: 767px){.kadence-column166_d6e99f-a3 > .kt-inside-inner-col{flex-direction:column;}}<\/style>\n<div class=\"wp-block-kadence-column kadence-column166_d6e99f-a3\"><div class=\"kt-inside-inner-col\"><style>.wp-block-kadence-advancedheading.kt-adv-heading166_3bc839-7b, .wp-block-kadence-advancedheading.kt-adv-heading166_3bc839-7b[data-kb-block=\"kb-adv-heading166_3bc839-7b\"]{text-align:center;font-size:var(--global-kb-font-size-xxxl, 5rem);font-weight:700;font-style:normal;font-family:'PT Serif';color:#775aa2;}.wp-block-kadence-advancedheading.kt-adv-heading166_3bc839-7b mark.kt-highlight, .wp-block-kadence-advancedheading.kt-adv-heading166_3bc839-7b[data-kb-block=\"kb-adv-heading166_3bc839-7b\"] mark.kt-highlight{font-style:normal;color:#f76a0c;-webkit-box-decoration-break:clone;box-decoration-break:clone;padding-top:0px;padding-right:0px;padding-bottom:0px;padding-left:0px;}<\/style>\n<h1 class=\"kt-adv-heading166_3bc839-7b wp-block-kadence-advancedheading\" data-kb-block=\"kb-adv-heading166_3bc839-7b\"><strong>UN PARTENAIRE PRIVIL\u00c9GI\u00c9<\/strong><\/h1>\n<\/div><\/div>\n\n\n<style>.kadence-column166_16c509-57 > .kt-inside-inner-col,.kadence-column166_16c509-57 > .kt-inside-inner-col:before{border-top-left-radius:0px;border-top-right-radius:0px;border-bottom-right-radius:0px;border-bottom-left-radius:0px;}.kadence-column166_16c509-57 > .kt-inside-inner-col{column-gap:var(--global-kb-gap-sm, 1rem);}.kadence-column166_16c509-57 > .kt-inside-inner-col{flex-direction:column;}.kadence-column166_16c509-57 > .kt-inside-inner-col > .aligncenter{width:100%;}.kadence-column166_16c509-57 > .kt-inside-inner-col:before{opacity:0.3;}.kadence-column166_16c509-57{position:relative;}@media all and (max-width: 1024px){.kadence-column166_16c509-57 > .kt-inside-inner-col{flex-direction:column;}}@media all and (max-width: 767px){.kadence-column166_16c509-57 > .kt-inside-inner-col{flex-direction:column;}}<\/style>\n<div class=\"wp-block-kadence-column kadence-column166_16c509-57\"><div class=\"kt-inside-inner-col\"><div class=\"wp-block-image\">\n<figure class=\"aligncenter size-full is-resized\"><img loading=\"lazy\" decoding=\"async\" width=\"313\" height=\"161\" src=\"https:\/\/villacite.com\/wp-content\/uploads\/2025\/02\/logo-pimms.png\" alt=\"\" class=\"wp-image-333\" style=\"width:373px;height:auto\" srcset=\"https:\/\/villacite.com\/wp-content\/uploads\/2025\/02\/logo-pimms.png 313w, https:\/\/villacite.com\/wp-content\/uploads\/2025\/02\/logo-pimms-300x154.png 300w\" sizes=\"auto, (max-width: 313px) 100vw, 313px\" \/><\/figure>\n<\/div><\/div><\/div>\n\n<\/div><\/div>\n\n<style>.kb-row-layout-id166_6de819-8c > .kt-row-column-wrap{align-content:start;}:where(.kb-row-layout-id166_6de819-8c > .kt-row-column-wrap) > .wp-block-kadence-column{justify-content:start;}.kb-row-layout-id166_6de819-8c > .kt-row-column-wrap{column-gap:var(--global-kb-gap-md, 2rem);row-gap:var(--global-kb-gap-md, 2rem);padding-top:var(--global-kb-spacing-sm, 1.5rem);padding-right:var(--global-kb-spacing-sm, 1.5rem);padding-bottom:var(--global-kb-spacing-sm, 1.5rem);padding-left:var(--global-kb-spacing-sm, 1.5rem);grid-template-columns:minmax(0, 1fr);}.kb-row-layout-id166_6de819-8c{background-image:url('https:\/\/villacite.com\/wp-content\/uploads\/2025\/02\/Image-fond-de-diapo-3.png');background-size:cover;background-position:center center;background-attachment:scroll;background-repeat:no-repeat;}.kb-row-layout-id166_6de819-8c > .kt-row-layout-overlay{opacity:0.30;}@media all and (max-width: 1024px){.kb-row-layout-id166_6de819-8c > .kt-row-column-wrap{grid-template-columns:minmax(0, 1fr);}}@media all and (max-width: 767px){.kb-row-layout-id166_6de819-8c > .kt-row-column-wrap{grid-template-columns:minmax(0, 1fr);}}<\/style><div class=\"kb-row-layout-wrap kb-row-layout-id166_6de819-8c alignfull kt-row-has-bg wp-block-kadence-rowlayout\"><div class=\"kt-row-column-wrap kt-has-1-columns kt-row-layout-equal kt-tab-layout-inherit kt-mobile-layout-row kt-row-valign-top\">\n<style>.kadence-column166_9edcbe-17 > .kt-inside-inner-col,.kadence-column166_9edcbe-17 > .kt-inside-inner-col:before{border-top-left-radius:0px;border-top-right-radius:0px;border-bottom-right-radius:0px;border-bottom-left-radius:0px;}.kadence-column166_9edcbe-17 > .kt-inside-inner-col{column-gap:var(--global-kb-gap-sm, 1rem);}.kadence-column166_9edcbe-17 > .kt-inside-inner-col{flex-direction:column;}.kadence-column166_9edcbe-17 > .kt-inside-inner-col > .aligncenter{width:100%;}.kadence-column166_9edcbe-17 > .kt-inside-inner-col:before{opacity:0.3;}.kadence-column166_9edcbe-17{position:relative;}@media all and (max-width: 1024px){.kadence-column166_9edcbe-17 > .kt-inside-inner-col{flex-direction:column;}}@media all and (max-width: 767px){.kadence-column166_9edcbe-17 > .kt-inside-inner-col{flex-direction:column;}}<\/style>\n<div class=\"wp-block-kadence-column kadence-column166_9edcbe-17\"><div class=\"kt-inside-inner-col\"><style>.wp-block-kadence-advancedheading.kt-adv-heading166_66fb16-1f, .wp-block-kadence-advancedheading.kt-adv-heading166_66fb16-1f[data-kb-block=\"kb-adv-heading166_66fb16-1f\"]{font-size:var(--global-kb-font-size-xl, 3rem);font-weight:400;font-style:normal;font-family:'PT Serif';color:#002060;}.wp-block-kadence-advancedheading.kt-adv-heading166_66fb16-1f mark.kt-highlight, .wp-block-kadence-advancedheading.kt-adv-heading166_66fb16-1f[data-kb-block=\"kb-adv-heading166_66fb16-1f\"] mark.kt-highlight{font-style:normal;color:#f76a0c;-webkit-box-decoration-break:clone;box-decoration-break:clone;padding-top:0px;padding-right:0px;padding-bottom:0px;padding-left:0px;}<\/style>\n<h1 class=\"kt-adv-heading166_66fb16-1f wp-block-kadence-advancedheading\" data-kb-block=\"kb-adv-heading166_66fb16-1f\"><strong>Services de droit public<\/strong><\/h1>\n\n\n<style>.kb-row-layout-id166_d4a5db-ff > .kt-row-column-wrap{align-content:start;}:where(.kb-row-layout-id166_d4a5db-ff > .kt-row-column-wrap) > .wp-block-kadence-column{justify-content:start;}.kb-row-layout-id166_d4a5db-ff > .kt-row-column-wrap{column-gap:var(--global-kb-gap-md, 2rem);row-gap:var(--global-kb-gap-md, 2rem);padding-top:var(--global-kb-spacing-sm, 1.5rem);padding-bottom:var(--global-kb-spacing-sm, 1.5rem);grid-template-columns:minmax(0, 1fr);}.kb-row-layout-id166_d4a5db-ff > .kt-row-layout-overlay{opacity:0.30;}@media all and (max-width: 1024px){.kb-row-layout-id166_d4a5db-ff > .kt-row-column-wrap{grid-template-columns:minmax(0, 1fr);}}@media all and (max-width: 767px){.kb-row-layout-id166_d4a5db-ff > .kt-row-column-wrap{grid-template-columns:minmax(0, 1fr);}}<\/style><div class=\"kb-row-layout-wrap kb-row-layout-id166_d4a5db-ff alignnone wp-block-kadence-rowlayout\"><div class=\"kt-row-column-wrap kt-has-1-columns kt-row-layout-equal kt-tab-layout-inherit kt-mobile-layout-row kt-row-valign-top\">\n<style>.kadence-column166_e0c113-89 > .kt-inside-inner-col,.kadence-column166_e0c113-89 > .kt-inside-inner-col:before{border-top-left-radius:0px;border-top-right-radius:0px;border-bottom-right-radius:0px;border-bottom-left-radius:0px;}.kadence-column166_e0c113-89 > .kt-inside-inner-col{column-gap:var(--global-kb-gap-sm, 1rem);}.kadence-column166_e0c113-89 > .kt-inside-inner-col{flex-direction:column;}.kadence-column166_e0c113-89 > .kt-inside-inner-col > .aligncenter{width:100%;}.kadence-column166_e0c113-89 > .kt-inside-inner-col:before{opacity:0.3;}.kadence-column166_e0c113-89{position:relative;}@media all and (max-width: 1024px){.kadence-column166_e0c113-89 > .kt-inside-inner-col{flex-direction:column;}}@media all and (max-width: 767px){.kadence-column166_e0c113-89 > .kt-inside-inner-col{flex-direction:column;}}<\/style>\n<div class=\"wp-block-kadence-column kadence-column166_e0c113-89\"><div class=\"kt-inside-inner-col\"><style>.kadence-column166_a47b48-d9 > .kt-inside-inner-col,.kadence-column166_a47b48-d9 > .kt-inside-inner-col:before{border-top-left-radius:0px;border-top-right-radius:0px;border-bottom-right-radius:0px;border-bottom-left-radius:0px;}.kadence-column166_a47b48-d9 > .kt-inside-inner-col{column-gap:var(--global-kb-gap-sm, 1rem);}.kadence-column166_a47b48-d9 > .kt-inside-inner-col{flex-direction:column;}.kadence-column166_a47b48-d9 > .kt-inside-inner-col > .aligncenter{width:100%;}.kadence-column166_a47b48-d9 > .kt-inside-inner-col:before{opacity:0.3;}.kadence-column166_a47b48-d9{position:relative;}@media all and (max-width: 1024px){.kadence-column166_a47b48-d9 > .kt-inside-inner-col{flex-direction:column;}}@media all and (max-width: 767px){.kadence-column166_a47b48-d9 > .kt-inside-inner-col{flex-direction:column;}}<\/style>\n<div class=\"wp-block-kadence-column kadence-column166_a47b48-d9\"><div class=\"kt-inside-inner-col\"><style>.wp-block-kadence-advancedheading.kt-adv-heading166_e591ef-c5, .wp-block-kadence-advancedheading.kt-adv-heading166_e591ef-c5[data-kb-block=\"kb-adv-heading166_e591ef-c5\"]{font-size:23px;font-weight:700;font-style:normal;font-family:'PT Serif';color:#775aa2;}.wp-block-kadence-advancedheading.kt-adv-heading166_e591ef-c5 mark.kt-highlight, .wp-block-kadence-advancedheading.kt-adv-heading166_e591ef-c5[data-kb-block=\"kb-adv-heading166_e591ef-c5\"] mark.kt-highlight{font-style:normal;color:#f76a0c;-webkit-box-decoration-break:clone;box-decoration-break:clone;padding-top:0px;padding-right:0px;padding-bottom:0px;padding-left:0px;}<\/style>\n<p class=\"kt-adv-heading166_e591ef-c5 wp-block-kadence-advancedheading\" data-kb-block=\"kb-adv-heading166_e591ef-c5\">Un partenaire privil\u00e9gi\u00e9 : Pimms m\u00e9diation<\/p>\n\n\n<style>.wp-block-kadence-advancedheading.kt-adv-heading166_1696e0-3f, .wp-block-kadence-advancedheading.kt-adv-heading166_1696e0-3f[data-kb-block=\"kb-adv-heading166_1696e0-3f\"]{margin-top:-30px;font-size:16px;font-weight:400;font-style:normal;font-family:'PT Serif';color:#002060;}.wp-block-kadence-advancedheading.kt-adv-heading166_1696e0-3f mark.kt-highlight, .wp-block-kadence-advancedheading.kt-adv-heading166_1696e0-3f[data-kb-block=\"kb-adv-heading166_1696e0-3f\"] mark.kt-highlight{font-size:16px;font-family:'PT Serif';font-weight:700;font-style:normal;color:#775aa2;-webkit-box-decoration-break:clone;box-decoration-break:clone;padding-top:0px;padding-right:0px;padding-bottom:0px;padding-left:0px;}<\/style>\n<p class=\"kt-adv-heading166_1696e0-3f wp-block-kadence-advancedheading\" data-kb-block=\"kb-adv-heading166_1696e0-3f\">L&rsquo;association Pimms M\u00e9diation propose une offre de services professionnelle, adapt\u00e9e et impactante au b\u00e9n\u00e9fice des locataires, des partenaires et des territoires.<br><br>Ainsi, Pimms M\u00e9diation \u0153uvre \u00e0 l&rsquo;accessibilit\u00e9 des locataires aux services n\u00e9cessaires \u00e0 la vie courante, en relayant, facilitant la compr\u00e9hension, en compl\u00e9tant l&rsquo;offre de services de ses partenaires et en proposant des services de type g\u00e9n\u00e9raliste (information de premier niveau, mise en rapport avec le bon interlocuteur).<br><br><mark class=\"kt-highlight\">Son intervention s&rsquo;articule autour de 8 champs d&rsquo;activit\u00e9s : Administration, Emploi\/Formation, Imp\u00f4ts\/Fiance, Logement\/Hebergement, Sant\u00e9, Social, Energie\/eau, Transport (cf. catalogue de services).<\/mark><br><br>L&rsquo;ensemble de ces champs d&rsquo;activit\u00e9s sont interconnect\u00e9s pour am\u00e9liorer la qualit\u00e9 de vie des citoyens.<br><br>Son r\u00f4le consiste aussi, lors de ses permanences, \u00e0 analyser les besoins, relever les probl\u00e9matiques majeurs au sein de la r\u00e9sidence et stimuler les r\u00e9sidents volontaires au d\u00e9veloppement d&rsquo;activit\u00e9s favorisant le lien social et l&rsquo;am\u00e9lioration de la vie quotidienne.<\/p>\n<\/div><\/div>\n<\/div><\/div>\n\n<\/div><\/div><\/div><\/div>\n\n\n<style>.kadence-column166_a541d2-7e > .kt-inside-inner-col,.kadence-column166_a541d2-7e > .kt-inside-inner-col:before{border-top-left-radius:0px;border-top-right-radius:0px;border-bottom-right-radius:0px;border-bottom-left-radius:0px;}.kadence-column166_a541d2-7e > .kt-inside-inner-col{column-gap:var(--global-kb-gap-sm, 1rem);}.kadence-column166_a541d2-7e > .kt-inside-inner-col{flex-direction:column;}.kadence-column166_a541d2-7e > .kt-inside-inner-col > .aligncenter{width:100%;}.kadence-column166_a541d2-7e > .kt-inside-inner-col:before{opacity:0.3;}.kadence-column166_a541d2-7e{position:relative;}@media all and (max-width: 1024px){.kadence-column166_a541d2-7e > .kt-inside-inner-col{flex-direction:column;}}@media all and (max-width: 767px){.kadence-column166_a541d2-7e > .kt-inside-inner-col{flex-direction:column;}}<\/style>\n<div class=\"wp-block-kadence-column kadence-column166_a541d2-7e\"><div class=\"kt-inside-inner-col\">\n<div class=\"wp-block-columns is-layout-flex wp-container-core-columns-is-layout-9d6595d7 wp-block-columns-is-layout-flex\">\n<div class=\"wp-block-column is-layout-flow wp-block-column-is-layout-flow\">\n<figure class=\"wp-block-image size-full\"><img loading=\"lazy\" decoding=\"async\" width=\"267\" height=\"189\" src=\"https:\/\/villacite.com\/wp-content\/uploads\/2025\/02\/panda-pimms.png\" alt=\"\" class=\"wp-image-336\"\/><\/figure>\n<\/div>\n\n\n\n<div class=\"wp-block-column is-layout-flow wp-block-column-is-layout-flow\">\n<figure class=\"wp-block-image size-full\"><img loading=\"lazy\" decoding=\"async\" width=\"262\" height=\"193\" src=\"https:\/\/villacite.com\/wp-content\/uploads\/2025\/02\/logo-France-Service.png\" alt=\"\" class=\"wp-image-335\"\/><\/figure>\n<\/div>\n\n\n\n<div class=\"wp-block-column is-layout-flow wp-block-column-is-layout-flow\">\n<figure class=\"wp-block-image size-full\"><img loading=\"lazy\" decoding=\"async\" width=\"271\" height=\"165\" src=\"https:\/\/villacite.com\/wp-content\/uploads\/2025\/02\/point-conseil-budget.png\" alt=\"\" class=\"wp-image-334\"\/><\/figure>\n<\/div>\n<\/div>\n<\/div><\/div>\n\n<\/div><\/div>\n\n<style>.kb-row-layout-wrap.wp-block-kadence-rowlayout.kb-row-layout-id166_0e582f-da{margin-bottom:100px;}.kb-row-layout-id166_0e582f-da > .kt-row-column-wrap{align-content:start;}:where(.kb-row-layout-id166_0e582f-da > .kt-row-column-wrap) > .wp-block-kadence-column{justify-content:start;}.kb-row-layout-id166_0e582f-da > .kt-row-column-wrap{column-gap:var(--global-kb-gap-md, 2rem);row-gap:var(--global-kb-gap-md, 2rem);padding-top:var(--global-kb-spacing-sm, 1.5rem);padding-bottom:var(--global-kb-spacing-sm, 1.5rem);grid-template-columns:minmax(0, 1fr);}.kb-row-layout-id166_0e582f-da{background-color:#f7f5f9;background-image:url('https:\/\/villacite.com\/wp-content\/uploads\/2025\/02\/Image-fond-de-diapo-3.png');background-size:cover;background-position:center center;background-attachment:scroll;background-repeat:no-repeat;}.kb-row-layout-id166_0e582f-da > .kt-row-layout-overlay{opacity:0.30;}@media all and (max-width: 1024px){.kb-row-layout-id166_0e582f-da > .kt-row-column-wrap{grid-template-columns:minmax(0, 1fr);}}@media all and (max-width: 767px){.kb-row-layout-id166_0e582f-da > .kt-row-column-wrap{grid-template-columns:minmax(0, 1fr);}}<\/style><div class=\"kb-row-layout-wrap kb-row-layout-id166_0e582f-da alignfull kt-row-has-bg wp-block-kadence-rowlayout\"><div class=\"kt-row-column-wrap kt-has-1-columns kt-row-layout-equal kt-tab-layout-inherit kt-mobile-layout-row kt-row-valign-top\">\n<style>.kadence-column166_b96e9c-7d > .kt-inside-inner-col,.kadence-column166_b96e9c-7d > .kt-inside-inner-col:before{border-top-left-radius:0px;border-top-right-radius:0px;border-bottom-right-radius:0px;border-bottom-left-radius:0px;}.kadence-column166_b96e9c-7d > .kt-inside-inner-col{column-gap:var(--global-kb-gap-sm, 1rem);}.kadence-column166_b96e9c-7d > .kt-inside-inner-col{flex-direction:column;}.kadence-column166_b96e9c-7d > .kt-inside-inner-col > .aligncenter{width:100%;}.kadence-column166_b96e9c-7d > .kt-inside-inner-col:before{opacity:0.3;}.kadence-column166_b96e9c-7d{position:relative;}@media all and (max-width: 1024px){.kadence-column166_b96e9c-7d > .kt-inside-inner-col{flex-direction:column;}}@media all and (max-width: 767px){.kadence-column166_b96e9c-7d > .kt-inside-inner-col{flex-direction:column;}}<\/style>\n<div class=\"wp-block-kadence-column kadence-column166_b96e9c-7d\"><div class=\"kt-inside-inner-col\"><style>.kb-row-layout-id166_b3680e-9c > .kt-row-column-wrap{align-content:start;}:where(.kb-row-layout-id166_b3680e-9c > .kt-row-column-wrap) > .wp-block-kadence-column{justify-content:start;}.kb-row-layout-id166_b3680e-9c > .kt-row-column-wrap{column-gap:var(--global-kb-gap-md, 2rem);row-gap:var(--global-kb-gap-md, 2rem);padding-top:var(--global-kb-spacing-sm, 1.5rem);padding-bottom:var(--global-kb-spacing-sm, 1.5rem);grid-template-columns:minmax(0, 1fr);}.kb-row-layout-id166_b3680e-9c > .kt-row-layout-overlay{opacity:0.30;}@media all and (max-width: 1024px){.kb-row-layout-id166_b3680e-9c > .kt-row-column-wrap{grid-template-columns:minmax(0, 1fr);}}@media all and (max-width: 767px){.kb-row-layout-id166_b3680e-9c > .kt-row-column-wrap{grid-template-columns:minmax(0, 1fr);}}<\/style><div class=\"kb-row-layout-wrap kb-row-layout-id166_b3680e-9c alignnone wp-block-kadence-rowlayout\"><div class=\"kt-row-column-wrap kt-has-1-columns kt-row-layout-equal kt-tab-layout-inherit kt-mobile-layout-row kt-row-valign-top\">\n<style>.kadence-column166_659cff-e7 > .kt-inside-inner-col,.kadence-column166_659cff-e7 > .kt-inside-inner-col:before{border-top-left-radius:0px;border-top-right-radius:0px;border-bottom-right-radius:0px;border-bottom-left-radius:0px;}.kadence-column166_659cff-e7 > .kt-inside-inner-col{column-gap:var(--global-kb-gap-sm, 1rem);}.kadence-column166_659cff-e7 > .kt-inside-inner-col{flex-direction:column;}.kadence-column166_659cff-e7 > .kt-inside-inner-col > .aligncenter{width:100%;}.kadence-column166_659cff-e7 > .kt-inside-inner-col:before{opacity:0.3;}.kadence-column166_659cff-e7{position:relative;}@media all and (max-width: 1024px){.kadence-column166_659cff-e7 > .kt-inside-inner-col{flex-direction:column;}}@media all and (max-width: 767px){.kadence-column166_659cff-e7 > .kt-inside-inner-col{flex-direction:column;}}<\/style>\n<div class=\"wp-block-kadence-column kadence-column166_659cff-e7\"><div class=\"kt-inside-inner-col\"><style>.wp-block-kadence-advancedheading.kt-adv-heading166_200155-91, .wp-block-kadence-advancedheading.kt-adv-heading166_200155-91[data-kb-block=\"kb-adv-heading166_200155-91\"]{font-size:23px;font-weight:700;font-style:normal;font-family:'PT Serif';color:#775aa2;}.wp-block-kadence-advancedheading.kt-adv-heading166_200155-91 mark.kt-highlight, .wp-block-kadence-advancedheading.kt-adv-heading166_200155-91[data-kb-block=\"kb-adv-heading166_200155-91\"] mark.kt-highlight{font-style:normal;color:#f76a0c;-webkit-box-decoration-break:clone;box-decoration-break:clone;padding-top:0px;padding-right:0px;padding-bottom:0px;padding-left:0px;}<\/style>\n<p class=\"kt-adv-heading166_200155-91 wp-block-kadence-advancedheading\" data-kb-block=\"kb-adv-heading166_200155-91\">Activit\u00e9s type France Services et d\u00e9marches<br>num\u00e9riques<\/p>\n\n\n<style>.kadence-column166_f26644-a6 > .kt-inside-inner-col,.kadence-column166_f26644-a6 > .kt-inside-inner-col:before{border-top-left-radius:0px;border-top-right-radius:0px;border-bottom-right-radius:0px;border-bottom-left-radius:0px;}.kadence-column166_f26644-a6 > .kt-inside-inner-col{column-gap:var(--global-kb-gap-sm, 1rem);}.kadence-column166_f26644-a6 > .kt-inside-inner-col{flex-direction:column;}.kadence-column166_f26644-a6 > .kt-inside-inner-col > .aligncenter{width:100%;}.kadence-column166_f26644-a6 > .kt-inside-inner-col:before{opacity:0.3;}.kadence-column166_f26644-a6{position:relative;}@media all and (max-width: 1024px){.kadence-column166_f26644-a6 > .kt-inside-inner-col{flex-direction:column;}}@media all and (max-width: 767px){.kadence-column166_f26644-a6 > .kt-inside-inner-col{flex-direction:column;}}<\/style>\n<div class=\"wp-block-kadence-column kadence-column166_f26644-a6\"><div class=\"kt-inside-inner-col\"><style>.wp-block-kadence-advancedheading.kt-adv-heading166_badb9f-25, .wp-block-kadence-advancedheading.kt-adv-heading166_badb9f-25[data-kb-block=\"kb-adv-heading166_badb9f-25\"]{margin-top:-30px;font-size:16px;font-weight:400;font-style:normal;font-family:'PT Serif';color:#002060;}.wp-block-kadence-advancedheading.kt-adv-heading166_badb9f-25 mark.kt-highlight, .wp-block-kadence-advancedheading.kt-adv-heading166_badb9f-25[data-kb-block=\"kb-adv-heading166_badb9f-25\"] mark.kt-highlight{font-size:16px;font-family:'PT Serif';font-weight:700;font-style:normal;color:#775aa2;-webkit-box-decoration-break:clone;box-decoration-break:clone;padding-top:0px;padding-right:0px;padding-bottom:0px;padding-left:0px;}<\/style>\n<p class=\"kt-adv-heading166_badb9f-25 wp-block-kadence-advancedheading\" data-kb-block=\"kb-adv-heading166_badb9f-25\">\u2022 Un accueil de proximit\u00e9 : information, conseil et orientation, mise en relation avec les services publics et les partenaires entreprises du Pimms M\u00e9diation<br><br>\u2022 L&rsquo;accompagnement dans l&rsquo;acc\u00e8s et le maintien des droits<br><br>\u2022 L&rsquo;inclusion num\u00e9rique : le num\u00e9rique au quotidien<br><br>\u2022 L&rsquo;\u00e9ducation et la gestion budg\u00e9taire<br><br>\u2022 La maitrise des \u00e9nergies\/eau, l&rsquo;entretien du logement, la mobilit\u00e9<\/p>\n<\/div><\/div>\n<\/div><\/div>\n\n<\/div><\/div><\/div><\/div>\n\n\n<style>.kadence-column166_597cfe-13 > .kt-inside-inner-col,.kadence-column166_597cfe-13 > .kt-inside-inner-col:before{border-top-left-radius:0px;border-top-right-radius:0px;border-bottom-right-radius:0px;border-bottom-left-radius:0px;}.kadence-column166_597cfe-13 > .kt-inside-inner-col{column-gap:var(--global-kb-gap-sm, 1rem);}.kadence-column166_597cfe-13 > .kt-inside-inner-col{flex-direction:column;}.kadence-column166_597cfe-13 > .kt-inside-inner-col > .aligncenter{width:100%;}.kadence-column166_597cfe-13 > .kt-inside-inner-col:before{opacity:0.3;}.kadence-column166_597cfe-13{position:relative;}@media all and (max-width: 1024px){.kadence-column166_597cfe-13 > .kt-inside-inner-col{flex-direction:column;}}@media all and (max-width: 767px){.kadence-column166_597cfe-13 > .kt-inside-inner-col{flex-direction:column;}}<\/style>\n<div class=\"wp-block-kadence-column kadence-column166_597cfe-13\"><div class=\"kt-inside-inner-col\"><div class=\"wp-block-image\">\n<figure class=\"aligncenter size-large is-resized\"><img loading=\"lazy\" decoding=\"async\" width=\"1024\" height=\"402\" src=\"https:\/\/villacite.com\/wp-content\/uploads\/2025\/02\/LOGO_VILLACITE_FONS_BASELINE-1-1024x402.png\" alt=\"\" class=\"wp-image-268\" style=\"width:703px;height:auto\" srcset=\"https:\/\/villacite.com\/wp-content\/uploads\/2025\/02\/LOGO_VILLACITE_FONS_BASELINE-1-1024x402.png 1024w, https:\/\/villacite.com\/wp-content\/uploads\/2025\/02\/LOGO_VILLACITE_FONS_BASELINE-1-300x118.png 300w, https:\/\/villacite.com\/wp-content\/uploads\/2025\/02\/LOGO_VILLACITE_FONS_BASELINE-1-768x301.png 768w, https:\/\/villacite.com\/wp-content\/uploads\/2025\/02\/LOGO_VILLACITE_FONS_BASELINE-1-1536x602.png 1536w, https:\/\/villacite.com\/wp-content\/uploads\/2025\/02\/LOGO_VILLACITE_FONS_BASELINE-1-2048x803.png 2048w\" sizes=\"auto, (max-width: 1024px) 100vw, 1024px\" \/><\/figure>\n<\/div><\/div><\/div>\n\n<\/div><\/div>","protected":false},"excerpt":{"rendered":"<p>UN PARTENAIRE PRIVIL\u00c9GI\u00c9 Services de droit public Un partenaire privil\u00e9gi\u00e9 : Pimms m\u00e9diation L&rsquo;association Pimms M\u00e9diation propose une offre de services professionnelle, adapt\u00e9e et impactante au b\u00e9n\u00e9fice des locataires, des partenaires et des territoires. Ainsi, Pimms M\u00e9diation \u0153uvre \u00e0 l&rsquo;accessibilit\u00e9 des locataires aux services n\u00e9cessaires \u00e0 la vie courante, en relayant, facilitant la compr\u00e9hension, en&#8230;<\/p>\n","protected":false},"author":1,"featured_media":0,"parent":0,"menu_order":0,"comment_status":"closed","ping_status":"closed","template":"","meta":{"_kad_post_transparent":"","_kad_post_title":"hide","_kad_post_layout":"","_kad_post_sidebar_id":"","_kad_post_content_style":"unboxed","_kad_post_vertical_padding":"hide","_kad_post_feature":"","_kad_post_feature_position":"","_kad_post_header":false,"_kad_post_footer":false,"footnotes":""},"class_list":["post-166","page","type-page","status-publish","hentry"],"_links":{"self":[{"href":"https:\/\/villacite.com\/index.php\/wp-json\/wp\/v2\/pages\/166","targetHints":{"allow":["GET"]}}],"collection":[{"href":"https:\/\/villacite.com\/index.php\/wp-json\/wp\/v2\/pages"}],"about":[{"href":"https:\/\/villacite.com\/index.php\/wp-json\/wp\/v2\/types\/page"}],"author":[{"embeddable":true,"href":"https:\/\/villacite.com\/index.php\/wp-json\/wp\/v2\/users\/1"}],"replies":[{"embeddable":true,"href":"https:\/\/villacite.com\/index.php\/wp-json\/wp\/v2\/comments?post=166"}],"version-history":[{"count":10,"href":"https:\/\/villacite.com\/index.php\/wp-json\/wp\/v2\/pages\/166\/revisions"}],"predecessor-version":[{"id":458,"href":"https:\/\/villacite.com\/index.php\/wp-json\/wp\/v2\/pages\/166\/revisions\/458"}],"wp:attachment":[{"href":"https:\/\/villacite.com\/index.php\/wp-json\/wp\/v2\/media?parent=166"}],"curies":[{"name":"wp","href":"https:\/\/api.w.org\/{rel}","templated":true}]}}